{"id":7359,"date":"2014-09-27T17:34:37","date_gmt":"2014-09-27T17:34:37","guid":{"rendered":"http:\/\/www.arquitetosdolanche.com.br\/site\/?page_id=7359"},"modified":"2022-09-14T17:35:40","modified_gmt":"2022-09-14T20:35:40","slug":"seja-um-franqueado","status":"publish","type":"page","link":"https:\/\/www.arquitetosdolanche.com.br\/site\/seja-um-franqueado\/","title":{"rendered":"Seja um Franqueado"},"content":{"rendered":"\t\t<div data-elementor-type=\"wp-page\" data-elementor-id=\"7359\" class=\"elementor elementor-7359\" data-elementor-post-type=\"page\">\n\t\t\t\t\t\t<section class=\"elementor-section elementor-top-section elementor-element elementor-element-beaf65d elementor-section-boxed elementor-section-height-default elementor-section-height-default wpr-particle-no wpr-jarallax-no wpr-parallax-no wpr-sticky-section-no\" data-id=\"beaf65d\" data-element_type=\"section\" data-e-type=\"section\">\n\t\t\t\t\t\t<div class=\"elementor-container elementor-column-gap-default\">\n\t\t\t\t\t<div class=\"elementor-column elementor-col-100 elementor-top-column elementor-element elementor-element-3cc1292\" data-id=\"3cc1292\" data-element_type=\"column\" data-e-type=\"column\">\n\t\t\t<div class=\"elementor-widget-wrap elementor-element-populated\">\n\t\t\t\t\t\t<div class=\"elementor-element elementor-element-4570400 elementor-widget elementor-widget-heading\" data-id=\"4570400\" data-element_type=\"widget\" data-e-type=\"widget\" data-widget_type=\"heading.default\">\n\t\t\t\t<div class=\"elementor-widget-container\">\n\t\t\t\t\t<h2 class=\"elementor-heading-title elementor-size-default\">Seja mais um Franqueado<\/h2>\t\t\t\t<\/div>\n\t\t\t\t<\/div>\n\t\t\t\t<div class=\"elementor-element elementor-element-9491f17 elementor-widget elementor-widget-text-editor\" data-id=\"9491f17\" data-element_type=\"widget\" data-e-type=\"widget\" data-widget_type=\"text-editor.default\">\n\t\t\t\t<div class=\"elementor-widget-container\">\n\t\t\t\t\t\t\t\t\t<p>Caso tenha interesse em ser um de nossos franqueados,<br>&nbsp;favor preencher o formul\u00e1rio abaixo que entraremos em contato.<\/p>\t\t\t\t\t\t\t\t<\/div>\n\t\t\t\t<\/div>\n\t\t\t\t\t<\/div>\n\t\t<\/div>\n\t\t\t\t\t<\/div>\n\t\t<\/section>\n\t\t\t\t<section class=\"elementor-section elementor-top-section elementor-element elementor-element-3cb7bcf elementor-section-boxed elementor-section-height-default elementor-section-height-default wpr-particle-no wpr-jarallax-no wpr-parallax-no wpr-sticky-section-no\" data-id=\"3cb7bcf\" data-element_type=\"section\" data-e-type=\"section\">\n\t\t\t\t\t\t<div class=\"elementor-container elementor-column-gap-default\">\n\t\t\t\t\t<div class=\"elementor-column elementor-col-33 elementor-top-column elementor-element elementor-element-f84abb6\" data-id=\"f84abb6\" data-element_type=\"column\" data-e-type=\"column\">\n\t\t\t<div class=\"elementor-widget-wrap elementor-element-populated\">\n\t\t\t\t\t\t<div class=\"elementor-element elementor-element-070aa04 elementor-widget elementor-widget-image\" data-id=\"070aa04\" data-element_type=\"widget\" data-e-type=\"widget\" data-widget_type=\"image.default\">\n\t\t\t\t<div class=\"elementor-widget-container\">\n\t\t\t\t\t\t\t\t\t\t\t\t\t\t\t<img fetchpriority=\"high\" decoding=\"async\" width=\"800\" height=\"534\" src=\"https:\/\/www.arquitetosdolanche.com.br\/site\/wp-content\/uploads\/2022\/09\/lanche-arquitetos-do-lanche-6.jpg\" class=\"attachment-large size-large wp-image-9182\" alt=\"Arquitetos do Lanche - A Festa do Lanche na sua Casa!\" srcset=\"https:\/\/www.arquitetosdolanche.com.br\/site\/wp-content\/uploads\/2022\/09\/lanche-arquitetos-do-lanche-6.jpg 1000w, https:\/\/www.arquitetosdolanche.com.br\/site\/wp-content\/uploads\/2022\/09\/lanche-arquitetos-do-lanche-6-300x200.jpg 300w, https:\/\/www.arquitetosdolanche.com.br\/site\/wp-content\/uploads\/2022\/09\/lanche-arquitetos-do-lanche-6-768x512.jpg 768w\" sizes=\"(max-width: 800px) 100vw, 800px\" \/>\t\t\t\t\t\t\t\t\t\t\t\t\t\t\t<\/div>\n\t\t\t\t<\/div>\n\t\t\t\t\t<\/div>\n\t\t<\/div>\n\t\t\t\t<div class=\"elementor-column elementor-col-33 elementor-top-column elementor-element elementor-element-119cffa\" data-id=\"119cffa\" data-element_type=\"column\" data-e-type=\"column\">\n\t\t\t<div class=\"elementor-widget-wrap elementor-element-populated\">\n\t\t\t\t\t\t<div class=\"elementor-element elementor-element-2f4b25e elementor-widget elementor-widget-image\" data-id=\"2f4b25e\" data-element_type=\"widget\" data-e-type=\"widget\" data-widget_type=\"image.default\">\n\t\t\t\t<div class=\"elementor-widget-container\">\n\t\t\t\t\t\t\t\t\t\t\t\t\t\t\t<img decoding=\"async\" width=\"800\" height=\"534\" src=\"https:\/\/www.arquitetosdolanche.com.br\/site\/wp-content\/uploads\/2020\/01\/arquitetos-do-lanche-agencia-digital-vile-design-d9115a9c-6c1b-40be-8aa3-608569c512ee-1024x683.jpg\" class=\"attachment-large size-large wp-image-9056\" alt=\"\" srcset=\"https:\/\/www.arquitetosdolanche.com.br\/site\/wp-content\/uploads\/2020\/01\/arquitetos-do-lanche-agencia-digital-vile-design-d9115a9c-6c1b-40be-8aa3-608569c512ee-1024x683.jpg 1024w, https:\/\/www.arquitetosdolanche.com.br\/site\/wp-content\/uploads\/2020\/01\/arquitetos-do-lanche-agencia-digital-vile-design-d9115a9c-6c1b-40be-8aa3-608569c512ee-300x200.jpg 300w, https:\/\/www.arquitetosdolanche.com.br\/site\/wp-content\/uploads\/2020\/01\/arquitetos-do-lanche-agencia-digital-vile-design-d9115a9c-6c1b-40be-8aa3-608569c512ee-768x512.jpg 768w, https:\/\/www.arquitetosdolanche.com.br\/site\/wp-content\/uploads\/2020\/01\/arquitetos-do-lanche-agencia-digital-vile-design-d9115a9c-6c1b-40be-8aa3-608569c512ee.jpg 1280w\" sizes=\"(max-width: 800px) 100vw, 800px\" \/>\t\t\t\t\t\t\t\t\t\t\t\t\t\t\t<\/div>\n\t\t\t\t<\/div>\n\t\t\t\t\t<\/div>\n\t\t<\/div>\n\t\t\t\t<div class=\"elementor-column elementor-col-33 elementor-top-column elementor-element elementor-element-d21cf47\" data-id=\"d21cf47\" data-element_type=\"column\" data-e-type=\"column\">\n\t\t\t<div class=\"elementor-widget-wrap elementor-element-populated\">\n\t\t\t\t\t\t<div class=\"elementor-element elementor-element-75c095a elementor-widget elementor-widget-image\" data-id=\"75c095a\" data-element_type=\"widget\" data-e-type=\"widget\" data-widget_type=\"image.default\">\n\t\t\t\t<div class=\"elementor-widget-container\">\n\t\t\t\t\t\t\t\t\t\t\t\t\t\t\t<img decoding=\"async\" width=\"800\" height=\"534\" src=\"https:\/\/www.arquitetosdolanche.com.br\/site\/wp-content\/uploads\/2022\/09\/lanche-arquitetos-do-lanche-2.jpg\" class=\"attachment-large size-large wp-image-9172\" alt=\"\" srcset=\"https:\/\/www.arquitetosdolanche.com.br\/site\/wp-content\/uploads\/2022\/09\/lanche-arquitetos-do-lanche-2.jpg 1000w, https:\/\/www.arquitetosdolanche.com.br\/site\/wp-content\/uploads\/2022\/09\/lanche-arquitetos-do-lanche-2-300x200.jpg 300w, https:\/\/www.arquitetosdolanche.com.br\/site\/wp-content\/uploads\/2022\/09\/lanche-arquitetos-do-lanche-2-768x512.jpg 768w\" sizes=\"(max-width: 800px) 100vw, 800px\" \/>\t\t\t\t\t\t\t\t\t\t\t\t\t\t\t<\/div>\n\t\t\t\t<\/div>\n\t\t\t\t\t<\/div>\n\t\t<\/div>\n\t\t\t\t\t<\/div>\n\t\t<\/section>\n\t\t\t\t<section class=\"elementor-section elementor-top-section elementor-element elementor-element-62b1b91 elementor-section-boxed elementor-section-height-default elementor-section-height-default wpr-particle-no wpr-jarallax-no wpr-parallax-no wpr-sticky-section-no\" data-id=\"62b1b91\" data-element_type=\"section\" data-e-type=\"section\">\n\t\t\t\t\t\t<div class=\"elementor-container elementor-column-gap-default\">\n\t\t\t\t\t<div class=\"elementor-column elementor-col-50 elementor-top-column elementor-element elementor-element-9fa712d\" data-id=\"9fa712d\" data-element_type=\"column\" data-e-type=\"column\">\n\t\t\t<div class=\"elementor-widget-wrap elementor-element-populated\">\n\t\t\t\t\t\t<div class=\"elementor-element elementor-element-1e66721 elementor-widget elementor-widget-image\" data-id=\"1e66721\" data-element_type=\"widget\" data-e-type=\"widget\" data-widget_type=\"image.default\">\n\t\t\t\t<div class=\"elementor-widget-container\">\n\t\t\t\t\t\t\t\t\t\t\t\t\t\t\t<img loading=\"lazy\" decoding=\"async\" width=\"150\" height=\"94\" src=\"https:\/\/www.arquitetosdolanche.com.br\/site\/wp-content\/uploads\/2014\/09\/logo-lanche.jpg\" class=\"attachment-large size-large wp-image-8768\" alt=\"\" \/>\t\t\t\t\t\t\t\t\t\t\t\t\t\t\t<\/div>\n\t\t\t\t<\/div>\n\t\t\t\t<div class=\"elementor-element elementor-element-01192d7 elementor-widget elementor-widget-heading\" data-id=\"01192d7\" data-element_type=\"widget\" data-e-type=\"widget\" data-widget_type=\"heading.default\">\n\t\t\t\t<div class=\"elementor-widget-container\">\n\t\t\t\t\t<h2 class=\"elementor-heading-title elementor-size-default\">Franquia \u2013 Eventos a partir de 180 mil reais<\/h2>\t\t\t\t<\/div>\n\t\t\t\t<\/div>\n\t\t\t\t\t<\/div>\n\t\t<\/div>\n\t\t\t\t<div class=\"elementor-column elementor-col-50 elementor-top-column elementor-element elementor-element-bd9de88\" data-id=\"bd9de88\" data-element_type=\"column\" data-e-type=\"column\">\n\t\t\t<div class=\"elementor-widget-wrap elementor-element-populated\">\n\t\t\t\t\t\t<div class=\"elementor-element elementor-element-6e81b2e elementor-widget elementor-widget-text-editor\" data-id=\"6e81b2e\" data-element_type=\"widget\" data-e-type=\"widget\" data-widget_type=\"text-editor.default\">\n\t\t\t\t<div class=\"elementor-widget-container\">\n\t\t\t\t\t\t\t\t\t<h4>A empresa Arquitetos do Lanche procura empres\u00e1rios que queiram fazer parte de nosso projeto, tornar-se a maior rede de eventos do Brasil.<\/h4>\nPara isso, a empresa desenvolveu um sistema de franquias, testado atrav\u00e9s de projetos pilotos na cidade de Campinas, S\u00e3o Paulo e Jundia\u00ed.\t\t\t\t\t\t\t\t<\/div>\n\t\t\t\t<\/div>\n\t\t\t\t\t<\/div>\n\t\t<\/div>\n\t\t\t\t\t<\/div>\n\t\t<\/section>\n\t\t\t\t<\/div>\n\t\t","protected":false},"excerpt":{"rendered":"<p>Seja mais um Franqueado Caso tenha interesse em ser um de nossos franqueados,&nbsp;favor preencher o formul\u00e1rio abaixo que entraremos em contato. Franquia \u2013 Eventos a partir de 180 mil reais A empresa Arquitetos do Lanche procura empres\u00e1rios que queiram fazer parte de nosso projeto, tornar-se a maior rede de eventos do Brasil. Para isso, a empresa desenvolveu um sistema de franquias, testado atrav\u00e9s de projetos pilotos na cidade de Campinas, S\u00e3o Paulo e Jundia\u00ed.<\/p>\n","protected":false},"author":1,"featured_media":0,"parent":0,"menu_order":0,"comment_status":"closed","ping_status":"closed","template":"","meta":{"footnotes":""},"class_list":["post-7359","page","type-page","status-publish","hentry"],"yoast_head":"<!-- This site is optimized with the Yoast SEO plugin v27.2 - https:\/\/yoast.com\/product\/yoast-seo-wordpress\/ -->\n<title>Seja um Franqueado - Arquitetos do Lanche<\/title>\n<meta name=\"robots\" content=\"index, follow, max-snippet:-1, max-image-preview:large, max-video-preview:-1\" \/>\n<link rel=\"canonical\" href=\"https:\/\/www.arquitetosdolanche.com.br\/site\/seja-um-franqueado\/\" \/>\n<meta property=\"og:locale\" content=\"pt_BR\" \/>\n<meta property=\"og:type\" content=\"article\" \/>\n<meta property=\"og:title\" content=\"Seja um Franqueado - Arquitetos do Lanche\" \/>\n<meta property=\"og:description\" content=\"Seja mais um Franqueado Caso tenha interesse em ser um de nossos franqueados,&nbsp;favor preencher o formul\u00e1rio abaixo que entraremos em contato. Franquia \u2013 Eventos a partir de 180 mil reais A empresa Arquitetos do Lanche procura empres\u00e1rios que queiram fazer parte de nosso projeto, tornar-se a maior rede de eventos do Brasil. Para isso, a empresa desenvolveu um sistema de franquias, testado atrav\u00e9s de projetos pilotos na cidade de Campinas, S\u00e3o Paulo e Jundia\u00ed.\" \/>\n<meta property=\"og:url\" content=\"https:\/\/www.arquitetosdolanche.com.br\/site\/seja-um-franqueado\/\" \/>\n<meta property=\"og:site_name\" content=\"Arquitetos do Lanche\" \/>\n<meta property=\"article:modified_time\" content=\"2022-09-14T20:35:40+00:00\" \/>\n<meta property=\"og:image\" content=\"https:\/\/www.arquitetosdolanche.com.br\/site\/wp-content\/uploads\/2022\/09\/lanche-arquitetos-do-lanche-6.jpg\" \/>\n<meta name=\"twitter:card\" content=\"summary_large_image\" \/>\n<script type=\"application\/ld+json\" class=\"yoast-schema-graph\">{\"@context\":\"https:\/\/schema.org\",\"@graph\":[{\"@type\":\"WebPage\",\"@id\":\"https:\/\/www.arquitetosdolanche.com.br\/site\/seja-um-franqueado\/\",\"url\":\"https:\/\/www.arquitetosdolanche.com.br\/site\/seja-um-franqueado\/\",\"name\":\"Seja um Franqueado - Arquitetos do Lanche\",\"isPartOf\":{\"@id\":\"https:\/\/www.arquitetosdolanche.com.br\/site\/#website\"},\"primaryImageOfPage\":{\"@id\":\"https:\/\/www.arquitetosdolanche.com.br\/site\/seja-um-franqueado\/#primaryimage\"},\"image\":{\"@id\":\"https:\/\/www.arquitetosdolanche.com.br\/site\/seja-um-franqueado\/#primaryimage\"},\"thumbnailUrl\":\"https:\/\/www.arquitetosdolanche.com.br\/site\/wp-content\/uploads\/2022\/09\/lanche-arquitetos-do-lanche-6.jpg\",\"datePublished\":\"2014-09-27T17:34:37+00:00\",\"dateModified\":\"2022-09-14T20:35:40+00:00\",\"breadcrumb\":{\"@id\":\"https:\/\/www.arquitetosdolanche.com.br\/site\/seja-um-franqueado\/#breadcrumb\"},\"inLanguage\":\"pt-BR\",\"potentialAction\":[{\"@type\":\"ReadAction\",\"target\":[\"https:\/\/www.arquitetosdolanche.com.br\/site\/seja-um-franqueado\/\"]}]},{\"@type\":\"ImageObject\",\"inLanguage\":\"pt-BR\",\"@id\":\"https:\/\/www.arquitetosdolanche.com.br\/site\/seja-um-franqueado\/#primaryimage\",\"url\":\"https:\/\/www.arquitetosdolanche.com.br\/site\/wp-content\/uploads\/2022\/09\/lanche-arquitetos-do-lanche-6.jpg\",\"contentUrl\":\"https:\/\/www.arquitetosdolanche.com.br\/site\/wp-content\/uploads\/2022\/09\/lanche-arquitetos-do-lanche-6.jpg\"},{\"@type\":\"BreadcrumbList\",\"@id\":\"https:\/\/www.arquitetosdolanche.com.br\/site\/seja-um-franqueado\/#breadcrumb\",\"itemListElement\":[{\"@type\":\"ListItem\",\"position\":1,\"name\":\"In\u00edcio\",\"item\":\"https:\/\/www.arquitetosdolanche.com.br\/site\/\"},{\"@type\":\"ListItem\",\"position\":2,\"name\":\"Seja um Franqueado\"}]},{\"@type\":\"WebSite\",\"@id\":\"https:\/\/www.arquitetosdolanche.com.br\/site\/#website\",\"url\":\"https:\/\/www.arquitetosdolanche.com.br\/site\/\",\"name\":\"Arquitetos do Lanche\",\"description\":\"\u00c9 a maior empresa de eventos de lanche em casa do Brasil. O Buffet Arquitetos da Pizza leva para sua casa ou empresa toda estrutura de ...\",\"publisher\":{\"@id\":\"https:\/\/www.arquitetosdolanche.com.br\/site\/#organization\"},\"potentialAction\":[{\"@type\":\"SearchAction\",\"target\":{\"@type\":\"EntryPoint\",\"urlTemplate\":\"https:\/\/www.arquitetosdolanche.com.br\/site\/?s={search_term_string}\"},\"query-input\":{\"@type\":\"PropertyValueSpecification\",\"valueRequired\":true,\"valueName\":\"search_term_string\"}}],\"inLanguage\":\"pt-BR\"},{\"@type\":\"Organization\",\"@id\":\"https:\/\/www.arquitetosdolanche.com.br\/site\/#organization\",\"name\":\"Arquitetos do Lanche\",\"url\":\"https:\/\/www.arquitetosdolanche.com.br\/site\/\",\"logo\":{\"@type\":\"ImageObject\",\"inLanguage\":\"pt-BR\",\"@id\":\"https:\/\/www.arquitetosdolanche.com.br\/site\/#\/schema\/logo\/image\/\",\"url\":\"https:\/\/www.arquitetosdolanche.com.br\/site\/wp-content\/uploads\/2017\/10\/cropped-cropped-favicon-arq-lanches.png\",\"contentUrl\":\"https:\/\/www.arquitetosdolanche.com.br\/site\/wp-content\/uploads\/2017\/10\/cropped-cropped-favicon-arq-lanches.png\",\"width\":512,\"height\":512,\"caption\":\"Arquitetos do Lanche\"},\"image\":{\"@id\":\"https:\/\/www.arquitetosdolanche.com.br\/site\/#\/schema\/logo\/image\/\"}}]}<\/script>\n<!-- \/ Yoast SEO plugin. -->","yoast_head_json":{"title":"Seja um Franqueado - Arquitetos do Lanche","robots":{"index":"index","follow":"follow","max-snippet":"max-snippet:-1","max-image-preview":"max-image-preview:large","max-video-preview":"max-video-preview:-1"},"canonical":"https:\/\/www.arquitetosdolanche.com.br\/site\/seja-um-franqueado\/","og_locale":"pt_BR","og_type":"article","og_title":"Seja um Franqueado - Arquitetos do Lanche","og_description":"Seja mais um Franqueado Caso tenha interesse em ser um de nossos franqueados,&nbsp;favor preencher o formul\u00e1rio abaixo que entraremos em contato. Franquia \u2013 Eventos a partir de 180 mil reais A empresa Arquitetos do Lanche procura empres\u00e1rios que queiram fazer parte de nosso projeto, tornar-se a maior rede de eventos do Brasil. Para isso, a empresa desenvolveu um sistema de franquias, testado atrav\u00e9s de projetos pilotos na cidade de Campinas, S\u00e3o Paulo e Jundia\u00ed.","og_url":"https:\/\/www.arquitetosdolanche.com.br\/site\/seja-um-franqueado\/","og_site_name":"Arquitetos do Lanche","article_modified_time":"2022-09-14T20:35:40+00:00","og_image":[{"url":"https:\/\/www.arquitetosdolanche.com.br\/site\/wp-content\/uploads\/2022\/09\/lanche-arquitetos-do-lanche-6.jpg","type":"","width":"","height":""}],"twitter_card":"summary_large_image","schema":{"@context":"https:\/\/schema.org","@graph":[{"@type":"WebPage","@id":"https:\/\/www.arquitetosdolanche.com.br\/site\/seja-um-franqueado\/","url":"https:\/\/www.arquitetosdolanche.com.br\/site\/seja-um-franqueado\/","name":"Seja um Franqueado - Arquitetos do Lanche","isPartOf":{"@id":"https:\/\/www.arquitetosdolanche.com.br\/site\/#website"},"primaryImageOfPage":{"@id":"https:\/\/www.arquitetosdolanche.com.br\/site\/seja-um-franqueado\/#primaryimage"},"image":{"@id":"https:\/\/www.arquitetosdolanche.com.br\/site\/seja-um-franqueado\/#primaryimage"},"thumbnailUrl":"https:\/\/www.arquitetosdolanche.com.br\/site\/wp-content\/uploads\/2022\/09\/lanche-arquitetos-do-lanche-6.jpg","datePublished":"2014-09-27T17:34:37+00:00","dateModified":"2022-09-14T20:35:40+00:00","breadcrumb":{"@id":"https:\/\/www.arquitetosdolanche.com.br\/site\/seja-um-franqueado\/#breadcrumb"},"inLanguage":"pt-BR","potentialAction":[{"@type":"ReadAction","target":["https:\/\/www.arquitetosdolanche.com.br\/site\/seja-um-franqueado\/"]}]},{"@type":"ImageObject","inLanguage":"pt-BR","@id":"https:\/\/www.arquitetosdolanche.com.br\/site\/seja-um-franqueado\/#primaryimage","url":"https:\/\/www.arquitetosdolanche.com.br\/site\/wp-content\/uploads\/2022\/09\/lanche-arquitetos-do-lanche-6.jpg","contentUrl":"https:\/\/www.arquitetosdolanche.com.br\/site\/wp-content\/uploads\/2022\/09\/lanche-arquitetos-do-lanche-6.jpg"},{"@type":"BreadcrumbList","@id":"https:\/\/www.arquitetosdolanche.com.br\/site\/seja-um-franqueado\/#breadcrumb","itemListElement":[{"@type":"ListItem","position":1,"name":"In\u00edcio","item":"https:\/\/www.arquitetosdolanche.com.br\/site\/"},{"@type":"ListItem","position":2,"name":"Seja um Franqueado"}]},{"@type":"WebSite","@id":"https:\/\/www.arquitetosdolanche.com.br\/site\/#website","url":"https:\/\/www.arquitetosdolanche.com.br\/site\/","name":"Arquitetos do Lanche","description":"\u00c9 a maior empresa de eventos de lanche em casa do Brasil. O Buffet Arquitetos da Pizza leva para sua casa ou empresa toda estrutura de ...","publisher":{"@id":"https:\/\/www.arquitetosdolanche.com.br\/site\/#organization"},"potentialAction":[{"@type":"SearchAction","target":{"@type":"EntryPoint","urlTemplate":"https:\/\/www.arquitetosdolanche.com.br\/site\/?s={search_term_string}"},"query-input":{"@type":"PropertyValueSpecification","valueRequired":true,"valueName":"search_term_string"}}],"inLanguage":"pt-BR"},{"@type":"Organization","@id":"https:\/\/www.arquitetosdolanche.com.br\/site\/#organization","name":"Arquitetos do Lanche","url":"https:\/\/www.arquitetosdolanche.com.br\/site\/","logo":{"@type":"ImageObject","inLanguage":"pt-BR","@id":"https:\/\/www.arquitetosdolanche.com.br\/site\/#\/schema\/logo\/image\/","url":"https:\/\/www.arquitetosdolanche.com.br\/site\/wp-content\/uploads\/2017\/10\/cropped-cropped-favicon-arq-lanches.png","contentUrl":"https:\/\/www.arquitetosdolanche.com.br\/site\/wp-content\/uploads\/2017\/10\/cropped-cropped-favicon-arq-lanches.png","width":512,"height":512,"caption":"Arquitetos do Lanche"},"image":{"@id":"https:\/\/www.arquitetosdolanche.com.br\/site\/#\/schema\/logo\/image\/"}}]}},"_links":{"self":[{"href":"https:\/\/www.arquitetosdolanche.com.br\/site\/wp-json\/wp\/v2\/pages\/7359","targetHints":{"allow":["GET"]}}],"collection":[{"href":"https:\/\/www.arquitetosdolanche.com.br\/site\/wp-json\/wp\/v2\/pages"}],"about":[{"href":"https:\/\/www.arquitetosdolanche.com.br\/site\/wp-json\/wp\/v2\/types\/page"}],"author":[{"embeddable":true,"href":"https:\/\/www.arquitetosdolanche.com.br\/site\/wp-json\/wp\/v2\/users\/1"}],"replies":[{"embeddable":true,"href":"https:\/\/www.arquitetosdolanche.com.br\/site\/wp-json\/wp\/v2\/comments?post=7359"}],"version-history":[{"count":82,"href":"https:\/\/www.arquitetosdolanche.com.br\/site\/wp-json\/wp\/v2\/pages\/7359\/revisions"}],"predecessor-version":[{"id":10497,"href":"https:\/\/www.arquitetosdolanche.com.br\/site\/wp-json\/wp\/v2\/pages\/7359\/revisions\/10497"}],"wp:attachment":[{"href":"https:\/\/www.arquitetosdolanche.com.br\/site\/wp-json\/wp\/v2\/media?parent=7359"}],"curies":[{"name":"wp","href":"https:\/\/api.w.org\/{rel}","templated":true}]}}